{"id":4655,"date":"2020-11-05T20:22:04","date_gmt":"2020-11-05T18:22:04","guid":{"rendered":"https:\/\/prestigecarcenter.fi\/om-oss\/"},"modified":"2026-01-11T22:23:02","modified_gmt":"2026-01-11T20:23:02","slug":"om-oss","status":"publish","type":"page","link":"https:\/\/prestigecarcenter.fi\/sv\/om-oss\/","title":{"rendered":"Om oss"},"content":{"rendered":"\n<p>Prestige Car Center Oy Ab \u00e4r grundat av Rasmus L\u00f6nnqvist i Vasa, v\u00e5ren 2014.<\/p>\n\n\n\n<blockquote class=\"wp-block-quote is-layout-flow wp-block-quote-is-layout-flow\">\n<p>\u201dJag har alltid gillat bilar, f\u00f6rs\u00e4ljning och kundbetj\u00e4ning. F\u00f6r mig var beslutet om att starta eget sj\u00e4lvklart och p\u00e5 s\u00e5 s\u00e4tt uppfylldes min st\u00f6rsta dr\u00f6m.\u201d<\/p>\n<\/blockquote>\n\n\n\n<p>Idag har vi ett stort n\u00e4tverk av samarbetspartners i Sverige och Tyskland, varifr\u00e5n vi handplockar de b\u00e4sta exemplaren till v\u00e5r butik. V\u00e5r aff\u00e4rsid\u00e9 \u00e4r att s\u00e4lja relativt nya, v\u00e4lutrustade premium bilar till ett konkurrenskraftigt pris med den b\u00e4sta m\u00f6jliga kundservicen.<\/p>\n\n\n\n<p>V\u00e5r m\u00e5ls\u00e4ttning \u00e4r att skapa l\u00e5ngsiktiga kundrelationer, personlig och professionell kundservice samt att \u00f6vertr\u00e4ffa kundernas f\u00f6rv\u00e4ntningar.<\/p>\n\n\n\n<p>Prestige Car Center har visat en stark tillv\u00e4xt \u00e5r efter \u00e5r och ett l\u00f6nsamt resultat. Vi p\u00e5 Prestige Car Center erbjuder alla v\u00e5ra kunder en snabb, flexibel och p\u00e5litlig service.<\/p>\n\n\n\n<div class=\"wp-block-toolset-blocks-container tb-container\" data-toolset-blocks-container=\"0b312b1e92eb55ab1638dbb329a1f730\">\n<div class=\"wp-block-toolset-blocks-grid tb-grid\" data-toolset-blocks-grid=\"cca0a1363f8a68f7a32a011a4ddaf037\">\n<div class=\"wp-block-toolset-blocks-grid-column tb-grid-column tb-grid-align-center\" data-toolset-blocks-grid-column=\"f586ff7bfe1d7317c63162ec7b7039ed\">\n<figure class=\"wp-block-image size-large\"><img decoding=\"async\" width=\"250\" height=\"288\" src=\"https:\/\/prestigecarcenter.fi\/media\/2020\/11\/Bisnode-DnB-riskiluokka-1-logo-2019-transparent_1.png\" alt=\"\" class=\"wp-image-4322\"\/><\/figure>\n<\/div>\n\n\n\n<div class=\"wp-block-toolset-blocks-grid-column tb-grid-column tb-grid-align-center\" data-toolset-blocks-grid-column=\"f586ff7bfe1d7317c63162ec7b7039ed\">\n<figure class=\"wp-block-image size-large\"><img decoding=\"async\" width=\"250\" height=\"163\" src=\"https:\/\/prestigecarcenter.fi\/media\/2020\/11\/AAA-logo-2019-FI-transparent_1.png\" alt=\"\" class=\"wp-image-4280\"\/><\/figure>\n<\/div>\n\n\n\n<div class=\"wp-block-toolset-blocks-grid-column tb-grid-column tb-grid-align-top\" data-toolset-blocks-grid-column=\"3034fbe886c11054e95b46b09d3e4112\">\n<figure class=\"wp-block-image size-full\"><img decoding=\"async\" width=\"209\" height=\"300\" src=\"https:\/\/prestigecarcenter.fi\/media\/2022\/08\/PL_LOGO_Prestige_Car_Center_Oy_FI_417181_web.jpeg\" alt=\"\" class=\"wp-image-5891\"\/><figcaption class=\"wp-element-caption\">Klicka p\u00e5 bilden f\u00f6r mera information<\/figcaption><\/figure>\n<\/div>\n\n\n\n<div class=\"wp-block-toolset-blocks-grid-column tb-grid-column tb-grid-align-top\" data-toolset-blocks-grid-column=\"3034fbe886c11054e95b46b09d3e4112\"><\/div>\n<\/div>\n<\/div>\n\n\n\n<h2 class=\"wp-block-heading\">Se v\u00e5r reklamfilm<\/h2>\n\n\n\n<figure class=\"wp-block-video\"><video height=\"2160\" style=\"aspect-ratio: 3840 \/ 2160;\" width=\"3840\" controls src=\"https:\/\/prestigecarcenter.fi\/media\/2024\/03\/PCCMainosVideo2.mp4\" playsinline><\/video><\/figure>\n","protected":false},"excerpt":{"rendered":"<p>Prestige Car Center Oy Ab \u00e4r grundat av Rasmus L\u00f6nnqvist i Vasa, v\u00e5ren 2014. \u201dJag har alltid gillat bilar, f\u00f6rs\u00e4ljning och kundbetj\u00e4ning. F\u00f6r mig var beslutet om att starta eget sj\u00e4lvklart och p\u00e5 s\u00e5 s\u00e4tt uppfylldes min st\u00f6rsta dr\u00f6m.\u201d Idag har vi ett stort n\u00e4tverk av samarbetspartners i Sverige och Tyskland, varifr\u00e5n vi handplockar de [&hellip;]<\/p>\n","protected":false},"author":1,"featured_media":7118,"parent":0,"menu_order":7,"comment_status":"closed","ping_status":"closed","template":"","meta":{"_uag_custom_page_level_css":"","site-sidebar-layout":"default","site-content-layout":"default","ast-site-content-layout":"default","site-content-style":"default","site-sidebar-style":"default","ast-global-header-display":"","ast-banner-title-visibility":"","ast-main-header-display":"","ast-hfb-above-header-display":"","ast-hfb-below-header-display":"","ast-hfb-mobile-header-display":"","site-post-title":"","ast-breadcrumbs-content":"","ast-featured-img":"disabled","footer-sml-layout":"","ast-disable-related-posts":"","theme-transparent-header-meta":"default","adv-header-id-meta":"","stick-header-meta":"default","header-above-stick-meta":"","header-main-stick-meta":"","header-below-stick-meta":"","astra-migrate-meta-layouts":"set","ast-page-background-enabled":"default","ast-page-background-meta":{"desktop":{"background-color":"","background-image":"","background-repeat":"repeat","background-position":"center center","background-size":"auto","background-attachment":"scroll","background-type":"","background-media":"","overlay-type":"","overlay-color":"","overlay-opacity":"","overlay-gradient":""},"tablet":{"background-color":"","background-image":"","background-repeat":"repeat","background-position":"center center","background-size":"auto","background-attachment":"scroll","background-type":"","background-media":"","overlay-type":"","overlay-color":"","overlay-opacity":"","overlay-gradient":""},"mobile":{"background-color":"","background-image":"","background-repeat":"repeat","background-position":"center center","background-size":"auto","background-attachment":"scroll","background-type":"","background-media":"","overlay-type":"","overlay-color":"","overlay-opacity":"","overlay-gradient":""}},"ast-content-background-meta":{"desktop":{"background-color":"var(--ast-global-color-5)","background-image":"","background-repeat":"repeat","background-position":"center center","background-size":"auto","background-attachment":"scroll","background-type":"","background-media":"","overlay-type":"","overlay-color":"","overlay-opacity":"","overlay-gradient":""},"tablet":{"background-color":"var(--ast-global-color-5)","background-image":"","background-repeat":"repeat","background-position":"center center","background-size":"auto","background-attachment":"scroll","background-type":"","background-media":"","overlay-type":"","overlay-color":"","overlay-opacity":"","overlay-gradient":""},"mobile":{"background-color":"var(--ast-global-color-5)","background-image":"","background-repeat":"repeat","background-position":"center center","background-size":"auto","background-attachment":"scroll","background-type":"","background-media":"","overlay-type":"","overlay-color":"","overlay-opacity":"","overlay-gradient":""}},"footnotes":""},"class_list":["post-4655","page","type-page","status-publish","has-post-thumbnail","hentry"],"uagb_featured_image_src":{"full":["https:\/\/prestigecarcenter.fi\/media\/2024\/03\/hemsida-scaled.jpg",2560,1707,false],"thumbnail":["https:\/\/prestigecarcenter.fi\/media\/2024\/03\/hemsida-300x200.jpg",300,200,true],"medium":["https:\/\/prestigecarcenter.fi\/media\/2024\/03\/hemsida-600x400.jpg",600,400,true],"medium_large":["https:\/\/prestigecarcenter.fi\/media\/2024\/03\/hemsida-768x512.jpg",768,512,true],"large":["https:\/\/prestigecarcenter.fi\/media\/2024\/03\/hemsida-1200x800.jpg",1200,800,true],"1536x1536":["https:\/\/prestigecarcenter.fi\/media\/2024\/03\/hemsida-1536x1024.jpg",1536,1024,true],"2048x2048":["https:\/\/prestigecarcenter.fi\/media\/2024\/03\/hemsida-2048x1365.jpg",2048,1365,true],"gform-image-choice-sm":["https:\/\/prestigecarcenter.fi\/media\/2024\/03\/hemsida-scaled.jpg",300,200,false],"gform-image-choice-md":["https:\/\/prestigecarcenter.fi\/media\/2024\/03\/hemsida-scaled.jpg",400,267,false],"gform-image-choice-lg":["https:\/\/prestigecarcenter.fi\/media\/2024\/03\/hemsida-scaled.jpg",600,400,false],"woocommerce_thumbnail":["https:\/\/prestigecarcenter.fi\/media\/2024\/03\/hemsida-300x300.jpg",300,300,true],"woocommerce_single":["https:\/\/prestigecarcenter.fi\/media\/2024\/03\/hemsida-600x400.jpg",600,400,true],"woocommerce_gallery_thumbnail":["https:\/\/prestigecarcenter.fi\/media\/2024\/03\/hemsida-100x100.jpg",100,100,true]},"uagb_author_info":{"display_name":"servotuki","author_link":"https:\/\/prestigecarcenter.fi\/sv\/author\/servotuki\/"},"uagb_comment_info":0,"uagb_excerpt":"Prestige Car Center Oy Ab \u00e4r grundat av Rasmus L\u00f6nnqvist i Vasa, v\u00e5ren 2014. \u201dJag har alltid gillat bilar, f\u00f6rs\u00e4ljning och kundbetj\u00e4ning. F\u00f6r mig var beslutet om att starta eget sj\u00e4lvklart och p\u00e5 s\u00e5 s\u00e4tt uppfylldes min st\u00f6rsta dr\u00f6m.\u201d Idag har vi ett stort n\u00e4tverk av samarbetspartners i Sverige och Tyskland, varifr\u00e5n vi handplockar de&hellip;","_links":{"self":[{"href":"https:\/\/prestigecarcenter.fi\/sv\/wp-json\/wp\/v2\/pages\/4655","targetHints":{"allow":["GET"]}}],"collection":[{"href":"https:\/\/prestigecarcenter.fi\/sv\/wp-json\/wp\/v2\/pages"}],"about":[{"href":"https:\/\/prestigecarcenter.fi\/sv\/wp-json\/wp\/v2\/types\/page"}],"author":[{"embeddable":true,"href":"https:\/\/prestigecarcenter.fi\/sv\/wp-json\/wp\/v2\/users\/1"}],"replies":[{"embeddable":true,"href":"https:\/\/prestigecarcenter.fi\/sv\/wp-json\/wp\/v2\/comments?post=4655"}],"version-history":[{"count":12,"href":"https:\/\/prestigecarcenter.fi\/sv\/wp-json\/wp\/v2\/pages\/4655\/revisions"}],"predecessor-version":[{"id":40028,"href":"https:\/\/prestigecarcenter.fi\/sv\/wp-json\/wp\/v2\/pages\/4655\/revisions\/40028"}],"wp:featuredmedia":[{"embeddable":true,"href":"https:\/\/prestigecarcenter.fi\/sv\/wp-json\/wp\/v2\/media\/7118"}],"wp:attachment":[{"href":"https:\/\/prestigecarcenter.fi\/sv\/wp-json\/wp\/v2\/media?parent=4655"}],"curies":[{"name":"wp","href":"https:\/\/api.w.org\/{rel}","templated":true}]}}