{"id":4645,"date":"2020-05-22T15:04:26","date_gmt":"2020-05-22T12:04:26","guid":{"rendered":"https:\/\/prestigecarcenter.fi\/bil-fran-sverige\/"},"modified":"2024-03-08T21:27:43","modified_gmt":"2024-03-08T19:27:43","slug":"bil-fran-sverige","status":"publish","type":"page","link":"https:\/\/prestigecarcenter.fi\/sv\/bil-fran-sverige\/","title":{"rendered":"Best\u00e4llning av bil"},"content":{"rendered":"\n<div class=\"wp-block-toolset-blocks-grid tb-grid\" data-toolset-blocks-grid=\"3d9c399fe625e1b972f817a0680229f6\">\n<div class=\"wp-block-toolset-blocks-grid-column tb-grid-column tb-grid-align-top\" data-toolset-blocks-grid-column=\"3034fbe886c11054e95b46b09d3e4112\">\n<h2 class=\"wp-block-heading\">Bil fr\u00e5n Sverige eller Tyskland snabbt och enkelt.<\/h2>\n\n\n\n<p>Vi p\u00e5 Prestige Car Center ombes\u00f6rjer k\u00f6p, transport, bilskatt, besiktning, registrering, f\u00f6rs\u00e4kring, garanti och leverans av bilen p\u00e5 ett snabbt och smitigt s\u00e4tt. Vi tar \u00e4ven g\u00e4rna er bytesbil i byte alternativt kan vi fungera som f\u00f6rmedlare och i f\u00f6rtid s\u00e4lja er nuvarande bil vidare genom ett f\u00f6rs\u00e4ljningsuppdrag. S\u00e5 att du som kund skall k\u00e4nna att du verkligen valde r\u00e4tt, n\u00e4r du valde att k\u00f6pa bilen av oss. Vi \u00e4r \u00e4ven v\u00e4ldigt m\u00e5n om att bilen levereras i utlovat skick.<\/p>\n\n\n\n<p>Det finns m\u00e5nga f\u00f6rdelar med att k\u00f6pa en bil fr\u00e5n Sverige. Generellt s\u00e4tt \u00e4r bilarna f\u00f6rm\u00e5nligare och b\u00e4ttre utrustade \u00e4n finska bilar. Svenska bilar l\u00e4mpar sig givetvis f\u00f6r finskt klimat. <\/p>\n\n\n\n<p>V\u00e5ra svenska sammarbetspartners \u00e4r mycket p\u00e5litliga och har l\u00e5ng erfarenhet av branschen. Vi samarbetar med bl.a. flera olika leasingbolag. Dessa bilar har endast en brukare, servade p\u00e5 m\u00e4rkesverkstad och har en tillf\u00f6rlitlig service- och \u00e4garhistorik.<\/p>\n\n\n\n<p>Vi erbjuder \u00e4ven <strong>hemleverans<\/strong> till alla bilar vi s\u00e4ljer oberoende av avst\u00e5ndet i Finland.<\/p>\n\n\n\n<h2 class=\"wp-block-heading\">Ta kontakt!<\/h2>\n\n\n<div class=\"wpv-view-output\" data-toolset-views-view-editor=\"876a49f8a39b3cc0bb830e3ac9d2b797\">\n<div class=\"wp-block-toolset-views-view-editor wpv-gutenberg-view-wrapper-3984\"><div id=\"wpv-view-layout-3984\" class=\"js-wpv-view-layout js-wpv-layout-responsive js-wpv-view-layout-3984\" data-viewnumber=\"3984\" data-pagination=\"{&quot;id&quot;:3984,&quot;query&quot;:&quot;normal&quot;,&quot;type&quot;:&quot;disabled&quot;,&quot;effect&quot;:&quot;fade&quot;,&quot;duration&quot;:&quot;500&quot;,&quot;speed&quot;:5,&quot;pause_on_hover&quot;:&quot;disabled&quot;,&quot;stop_rollover&quot;:&quot;false&quot;,&quot;cache_pages&quot;:&quot;enabled&quot;,&quot;preload_images&quot;:&quot;enabled&quot;,&quot;preload_pages&quot;:&quot;enabled&quot;,&quot;preload_reach&quot;:&quot;1&quot;,&quot;spinner&quot;:&quot;builtin&quot;,&quot;spinner_image&quot;:&quot;https:\/\/www.leipomosalonen.fi\/wp-content\/plugins\/wp-views\/res\/img\/ajax-loader.gif&quot;,&quot;callback_next&quot;:&quot;&quot;,&quot;manage_history&quot;:&quot;enabled&quot;,&quot;has_controls_in_form&quot;:&quot;disabled&quot;,&quot;infinite_tolerance&quot;:&quot;0&quot;,&quot;max_pages&quot;:0,&quot;page&quot;:1,&quot;base_permalink&quot;:&quot;\/sv\/wp-json\/wp\/v2\/pages\/4645?wpv_view_count=3984&amp;wpv_paged=WPV_PAGE_NUM&quot;,&quot;loop&quot;:{&quot;type&quot;:&quot;&quot;,&quot;name&quot;:&quot;&quot;,&quot;data&quot;:[],&quot;id&quot;:0}}\" data-permalink=\"\/sv\/wp-json\/wp\/v2\/pages\/4645?wpv_view_count=3984\">\n\n\t\n<div class=\"employee-group\">\n\t\n\t\n      <div class=\"employee-container\">\n  <div class=\"employee-img\" style=\"background-image: url('https:\/\/prestigecarcenter.fi\/media\/2020\/11\/IMG_4188-600x600.jpeg');\">\n    \n    <a class=\"whatsapp-link button\" style=\"display: none;\" href=\"https:\/\/api.whatsapp.com\/send?phone=358040 833 1584&#038;text=Olen%20kiinnostunut%20autosta.%20Otattehan%20yhteytta%CC%88%21\" target=\"_blank\" rel=\"noopener noreferrer\">\n      <span class=\"dashicons dashicons-whatsapp\"><\/span>\n    <\/a>\n    \n  <\/div>\n  <div class=\"employee-inner\">\n    <h5>Rasmus L\u00f6nnqvist<\/h5>\n    <p class=\"task\">F\u00f6rs\u00e4ljning - VD<\/p>\n    \n    <p><a href=\"tel:040 833 1584\" title=\"Soita\">040 833 1584<\/a><\/p>\n    <p><\/p>\n  <\/div>\n<\/div>\n\t\n      <div class=\"employee-container\">\n  <div class=\"employee-img\" style=\"background-image: url('https:\/\/prestigecarcenter.fi\/media\/2026\/02\/sam-600x600.png');\">\n    \n    <a class=\"whatsapp-link button\" style=\"display: none;\" href=\"https:\/\/api.whatsapp.com\/send?phone=358050 4070 848&#038;text=Olen%20kiinnostunut%20autosta.%20Otattehan%20yhteytta%CC%88%21\" target=\"_blank\" rel=\"noopener noreferrer\">\n      <span class=\"dashicons dashicons-whatsapp\"><\/span>\n    <\/a>\n    \n  <\/div>\n  <div class=\"employee-inner\">\n    <h5>Sam Bj\u00f6rk<\/h5>\n    <p class=\"task\">F\u00f6rs\u00e4ljning<\/p>\n    \n    <p><a href=\"tel:050 4070 848\" title=\"Soita\">050 4070 848<\/a><\/p>\n    <p><\/p>\n  <\/div>\n<\/div>\n\t\n\t\n<\/div>\n\t\n\t\n<\/div><\/div>\n<\/div><\/div>\n\n\n\n<div class=\"wp-block-toolset-blocks-grid-column tb-grid-column tb-grid-align-top\" data-toolset-blocks-grid-column=\"3034fbe886c11054e95b46b09d3e4112\">\n<h2 class=\"wp-block-heading\">Ta kontakt!<\/h2>\n\n\n<script>\nvar gform;gform||(document.addEventListener(\"gform_main_scripts_loaded\",function(){gform.scriptsLoaded=!0}),document.addEventListener(\"gform\/theme\/scripts_loaded\",function(){gform.themeScriptsLoaded=!0}),window.addEventListener(\"DOMContentLoaded\",function(){gform.domLoaded=!0}),gform={domLoaded:!1,scriptsLoaded:!1,themeScriptsLoaded:!1,isFormEditor:()=>\"function\"==typeof InitializeEditor,callIfLoaded:function(o){return!(!gform.domLoaded||!gform.scriptsLoaded||!gform.themeScriptsLoaded&&!gform.isFormEditor()||(gform.isFormEditor()&&console.warn(\"The use of gform.initializeOnLoaded() is deprecated in the form editor context and will be removed in Gravity Forms 3.1.\"),o(),0))},initializeOnLoaded:function(o){gform.callIfLoaded(o)||(document.addEventListener(\"gform_main_scripts_loaded\",()=>{gform.scriptsLoaded=!0,gform.callIfLoaded(o)}),document.addEventListener(\"gform\/theme\/scripts_loaded\",()=>{gform.themeScriptsLoaded=!0,gform.callIfLoaded(o)}),window.addEventListener(\"DOMContentLoaded\",()=>{gform.domLoaded=!0,gform.callIfLoaded(o)}))},hooks:{action:{},filter:{}},addAction:function(o,r,e,t){gform.addHook(\"action\",o,r,e,t)},addFilter:function(o,r,e,t){gform.addHook(\"filter\",o,r,e,t)},doAction:function(o){gform.doHook(\"action\",o,arguments)},applyFilters:function(o){return gform.doHook(\"filter\",o,arguments)},removeAction:function(o,r){gform.removeHook(\"action\",o,r)},removeFilter:function(o,r,e){gform.removeHook(\"filter\",o,r,e)},addHook:function(o,r,e,t,n){null==gform.hooks[o][r]&&(gform.hooks[o][r]=[]);var d=gform.hooks[o][r];null==n&&(n=r+\"_\"+d.length),gform.hooks[o][r].push({tag:n,callable:e,priority:t=null==t?10:t})},doHook:function(r,o,e){var t;if(e=Array.prototype.slice.call(e,1),null!=gform.hooks[r][o]&&((o=gform.hooks[r][o]).sort(function(o,r){return o.priority-r.priority}),o.forEach(function(o){\"function\"!=typeof(t=o.callable)&&(t=window[t]),\"action\"==r?t.apply(null,e):e[0]=t.apply(null,e)})),\"filter\"==r)return e[0]},removeHook:function(o,r,t,n){var e;null!=gform.hooks[o][r]&&(e=(e=gform.hooks[o][r]).filter(function(o,r,e){return!!(null!=n&&n!=o.tag||null!=t&&t!=o.priority)}),gform.hooks[o][r]=e)}});\n<\/script>\n\n                <div class='gf_browser_gecko gform_wrapper gform_legacy_markup_wrapper gform-theme--no-framework contact_form_wrapper' data-form-theme='legacy' data-form-index='0' id='gform_wrapper_1' ><div id='gf_1' class='gform_anchor' tabindex='-1'><\/div><form method='post' enctype='multipart\/form-data' target='gform_ajax_frame_1' id='gform_1' class='contact_form' action='\/sv\/wp-json\/wp\/v2\/pages\/4645#gf_1' data-formid='1' novalidate>\n                        <div class='gform-body gform_body'><ul id='gform_fields_1' class='gform_fields top_label form_sublabel_below description_below validation_below'><li id=\"field_1_11\" class=\"gfield gfield--type-honeypot gform_validation_container field_sublabel_below gfield--has-description field_description_below field_validation_below gfield_visibility_visible\"  ><label class='gfield_label gform-field-label' for='input_1_11'>Phone<\/label><div class='ginput_container'><input name='input_11' id='input_1_11' type='text' value='' autocomplete='new-password'\/><\/div><div class='gfield_description' id='gfield_description_1_11'>Detta f\u00e4lt anv\u00e4nds f\u00f6r validerings\u00e4ndam\u00e5l och ska l\u00e4mnas of\u00f6r\u00e4ndrat.<\/div><\/li><li id=\"field_1_5\" class=\"gfield gfield--type-textarea gfield--input-type-textarea field_sublabel_below gfield--no-description field_description_below hidden_label field_validation_below gfield_visibility_visible\"  ><label class='gfield_label gform-field-label' for='input_1_5'>Viesti<\/label><div class='ginput_container ginput_container_textarea'><textarea name='input_5' id='input_1_5' class='textarea medium' tabindex='47'   placeholder='Meddelande'  aria-invalid=\"false\"   rows='10' cols='50'><\/textarea><\/div><\/li><li id=\"field_1_1\" class=\"gfield gfield--type-text gfield--input-type-text gfield_contains_required field_sublabel_below gfield--no-description field_description_below hidden_label field_validation_below gfield_visibility_visible\"  ><label class='gfield_label gform-field-label' for='input_1_1'>Namn<span class=\"gfield_required\"><span class=\"gfield_required gfield_required_asterisk\">*<\/span><\/span><\/label><div class='ginput_container ginput_container_text'><input name='input_1' id='input_1_1' type='text' value='' class='large'   tabindex='48' placeholder='Namn *' aria-required=\"true\" aria-invalid=\"false\"   \/><\/div><\/li><li id=\"field_1_3\" class=\"gfield gfield--type-text gfield--input-type-text gfield_contains_required field_sublabel_below gfield--no-description field_description_below hidden_label field_validation_below gfield_visibility_visible\"  ><label class='gfield_label gform-field-label' for='input_1_3'>Telefon<span class=\"gfield_required\"><span class=\"gfield_required gfield_required_asterisk\">*<\/span><\/span><\/label><div class='ginput_container ginput_container_text'><input name='input_3' id='input_1_3' type='text' value='' class='large'   tabindex='49' placeholder='Telefon *' aria-required=\"true\" aria-invalid=\"false\"   \/><\/div><\/li><li id=\"field_1_8\" class=\"gfield gfield--type-email gfield--input-type-email field_sublabel_below gfield--no-description field_description_below hidden_label field_validation_below gfield_visibility_visible\"  ><label class='gfield_label gform-field-label' for='input_1_8'>E-post<\/label><div class='ginput_container ginput_container_email'>\n                            <input name='input_8' id='input_1_8' type='email' value='' class='large' tabindex='50'  placeholder='E-post *'  aria-invalid=\"false\"  \/>\n                        <\/div><\/li><li id=\"field_1_9\" class=\"gfield gfield--type-select gfield--input-type-select field_sublabel_below gfield--no-description field_description_below hidden_label field_validation_below gfield_visibility_hidden\"  ><div class=\"admin-hidden-markup\"><i class=\"gform-icon gform-icon--hidden\" aria-hidden=\"true\" title=\"Detta f\u00e4lt \u00e4r dolt n\u00e4r formul\u00e4ret visas\"><\/i><span>Detta f\u00e4lt \u00e4r dolt n\u00e4r formul\u00e4ret visas<\/span><\/div><label class='gfield_label gform-field-label' for='input_1_9'>Verksamhetsst\u00e4lle<\/label><div class='ginput_container ginput_container_select'><select name='input_9' id='input_1_9' class='large gfield_select' tabindex='51'    aria-invalid=\"false\" ><option value='' selected='selected' class='gf_placeholder'>V\u00e4lj verksamhetsst\u00e4lle<\/option><option value='1' >Vasa<\/option><\/select><\/div><\/li><li id=\"field_1_7\" class=\"gfield gfield--type-radio gfield--type-choice gfield--input-type-radio gfield_contains_required field_sublabel_below gfield--no-description field_description_below field_validation_below gfield_visibility_visible\"  ><label class='gfield_label gform-field-label' >Ta kontakt via<span class=\"gfield_required\"><span class=\"gfield_required gfield_required_asterisk\">*<\/span><\/span><\/label><div class='ginput_container ginput_container_radio'><ul class='gfield_radio' id='input_1_7'>\n\t\t\t<li class='gchoice gchoice_1_7_0'>\n\t\t\t\t<input name='input_7' type='radio' value='E-post'  id='choice_1_7_0' tabindex='52'   \/>\n\t\t\t\t<label for='choice_1_7_0' id='label_1_7_0' class='gform-field-label gform-field-label--type-inline'>E-post<\/label>\n\t\t\t<\/li>\n\t\t\t<li class='gchoice gchoice_1_7_1'>\n\t\t\t\t<input name='input_7' type='radio' value='Telefon'  id='choice_1_7_1' tabindex='53'   \/>\n\t\t\t\t<label for='choice_1_7_1' id='label_1_7_1' class='gform-field-label gform-field-label--type-inline'>Telefon<\/label>\n\t\t\t<\/li><\/ul><\/div><\/li><li id=\"field_1_10\" class=\"gfield gfield--type-captcha gfield--input-type-captcha gfield--width-full field_sublabel_below gfield--no-description field_description_below hidden_label field_validation_below gfield_visibility_visible\"  ><label class='gfield_label gform-field-label' for='input_1_10'>CAPTCHA<\/label><div id='input_1_10' class='ginput_container ginput_recaptcha' data-sitekey='6Lfy8SoqAAAAAGO8PVdH3cGY4EiMNxoDakVreXCT'  data-theme='light' data-tabindex='-1' data-size='invisible' data-badge='bottomleft'><\/div><\/li><\/ul><\/div>\n        <div class='gform-footer gform_footer top_label'> <input type='submit' id='gform_submit_button_1' class='gform_button button' onclick='gform.submission.handleButtonClick(this);' data-submission-type='submit' value='Skicka' tabindex='54' \/> <input type='hidden' name='gform_ajax' value='form_id=1&amp;title=&amp;description=&amp;tabindex=47&amp;theme=legacy&amp;styles={&quot;inputPrimaryColor&quot;:&quot;#204ce5&quot;}&amp;hash=9d0fd43127ff2abdfdd795ea6ca9c778' \/>\n            <input type='hidden' class='gform_hidden' name='gform_submission_method' data-js='gform_submission_method_1' value='iframe' \/>\n            <input type='hidden' class='gform_hidden' name='gform_theme' data-js='gform_theme_1' id='gform_theme_1' value='legacy' \/>\n            <input type='hidden' class='gform_hidden' name='gform_style_settings' data-js='gform_style_settings_1' id='gform_style_settings_1' value='{&quot;inputPrimaryColor&quot;:&quot;#204ce5&quot;}' \/>\n            <input type='hidden' class='gform_hidden' name='is_submit_1' value='1' \/>\n            <input type='hidden' class='gform_hidden' name='gform_submit' value='1' \/>\n            \n            <input type='hidden' class='gform_hidden' name='gform_currency' data-currency='EUR' value='c9J4eEKT+NIfZMdeiZiacS1l5FTNmtErzP777Mjs49daXkQg3tH\/h8zYPdYaNQ3rmfhfK53\/dXQW9xsg0DSn222n\/dWYHpoKlxeEglgveCjvCVY=' \/>\n            <input type='hidden' class='gform_hidden' name='gform_unique_id' value='' \/>\n            <input type='hidden' class='gform_hidden' name='state_1' value='WyJbXSIsIjcxNDAwNmU1NmViYjVlZDc4N2IyMzVkZjE3YzRlOWU1Il0=' \/>\n            <input type='hidden' autocomplete='off' class='gform_hidden' name='gform_target_page_number_1' id='gform_target_page_number_1' value='0' \/>\n            <input type='hidden' autocomplete='off' class='gform_hidden' name='gform_source_page_number_1' id='gform_source_page_number_1' value='1' \/>\n            <input type='hidden' name='gform_field_values' value='' \/>\n            \n        <\/div>\n                        <\/form>\n                        <\/div>\n\t\t                <iframe style='display:none;width:0px;height:0px;' src='about:blank' name='gform_ajax_frame_1' id='gform_ajax_frame_1' title='Denna iframe inneh\u00e5ller logiken som beh\u00f6vs f\u00f6r att hantera Gravity Forms med Ajax-st\u00f6d.'><\/iframe>\n\t\t                <script>\ngform.initializeOnLoaded( function() {gformInitSpinner( 1, 'https:\/\/prestigecarcenter.fi\/wp-content\/plugins\/gravityforms\/images\/spinner.svg', true );jQuery('#gform_ajax_frame_1').on('load',function(){var contents = jQuery(this).contents().find('*').html();var is_postback = contents.indexOf('GF_AJAX_POSTBACK') >= 0;if(!is_postback){return;}var form_content = jQuery(this).contents().find('#gform_wrapper_1');var is_confirmation = jQuery(this).contents().find('#gform_confirmation_wrapper_1').length > 0;var is_redirect = contents.indexOf('gformRedirect(){') >= 0;var is_form = form_content.length > 0 && ! is_redirect && ! is_confirmation;var mt = parseInt(jQuery('html').css('margin-top'), 10) + parseInt(jQuery('body').css('margin-top'), 10) + 100;if(is_form){jQuery('#gform_wrapper_1').html(form_content.html());if(form_content.hasClass('gform_validation_error')){jQuery('#gform_wrapper_1').addClass('gform_validation_error');} else {jQuery('#gform_wrapper_1').removeClass('gform_validation_error');}setTimeout( function() { \/* delay the scroll by 50 milliseconds to fix a bug in chrome *\/ jQuery(document).scrollTop(jQuery('#gform_wrapper_1').offset().top - mt); }, 50 );if(window['gformInitDatepicker']) {gformInitDatepicker();}if(window['gformInitPriceFields']) {gformInitPriceFields();}var current_page = jQuery('#gform_source_page_number_1').val();gformInitSpinner( 1, 'https:\/\/prestigecarcenter.fi\/wp-content\/plugins\/gravityforms\/images\/spinner.svg', true );jQuery(document).trigger('gform_page_loaded', [1, current_page]);window['gf_submitting_1'] = false;}else if(!is_redirect){var confirmation_content = jQuery(this).contents().find('.GF_AJAX_POSTBACK').html();if(!confirmation_content){confirmation_content = contents;}jQuery('#gform_wrapper_1').replaceWith(confirmation_content);jQuery(document).scrollTop(jQuery('#gf_1').offset().top - mt);jQuery(document).trigger('gform_confirmation_loaded', [1]);window['gf_submitting_1'] = false;wp.a11y.speak(jQuery('#gform_confirmation_message_1').text());}else{jQuery('#gform_1').append(contents);if(window['gformRedirect']) {gformRedirect();}}jQuery(document).trigger(\"gform_pre_post_render\", [{ formId: \"1\", currentPage: \"current_page\", abort: function() { this.preventDefault(); } }]);        if (event && event.defaultPrevented) {                return;        }        const gformWrapperDiv = document.getElementById( \"gform_wrapper_1\" );        if ( gformWrapperDiv ) {            const visibilitySpan = document.createElement( \"span\" );            visibilitySpan.id = \"gform_visibility_test_1\";            gformWrapperDiv.insertAdjacentElement( \"afterend\", visibilitySpan );        }        const visibilityTestDiv = document.getElementById( \"gform_visibility_test_1\" );        let postRenderFired = false;        function triggerPostRender() {            if ( postRenderFired ) {                return;            }            postRenderFired = true;            gform.core.triggerPostRenderEvents( 1, current_page );            if ( visibilityTestDiv ) {                visibilityTestDiv.parentNode.removeChild( visibilityTestDiv );            }        }        function debounce( func, wait, immediate ) {            var timeout;            return function() {                var context = this, args = arguments;                var later = function() {                    timeout = null;                    if ( !immediate ) func.apply( context, args );                };                var callNow = immediate && !timeout;                clearTimeout( timeout );                timeout = setTimeout( later, wait );                if ( callNow ) func.apply( context, args );            };        }        const debouncedTriggerPostRender = debounce( function() {            triggerPostRender();        }, 200 );        if ( visibilityTestDiv && visibilityTestDiv.offsetParent === null ) {            const observer = new MutationObserver( ( mutations ) => {                mutations.forEach( ( mutation ) => {                    if ( mutation.type === 'attributes' && visibilityTestDiv.offsetParent !== null ) {                        debouncedTriggerPostRender();                        observer.disconnect();                    }                });            });            observer.observe( document.body, {                attributes: true,                childList: false,                subtree: true,                attributeFilter: [ 'style', 'class' ],            });        } else {            triggerPostRender();        }    } );} );\n<\/script>\n<\/div>\n<\/div>\n","protected":false},"excerpt":{"rendered":"","protected":false},"author":1,"featured_media":7053,"parent":0,"menu_order":5,"comment_status":"closed","ping_status":"closed","template":"","meta":{"_uag_custom_page_level_css":"","site-sidebar-layout":"default","site-content-layout":"default","ast-site-content-layout":"default","site-content-style":"default","site-sidebar-style":"default","ast-global-header-display":"","ast-banner-title-visibility":"","ast-main-header-display":"","ast-hfb-above-header-display":"","ast-hfb-below-header-display":"","ast-hfb-mobile-header-display":"","site-post-title":"","ast-breadcrumbs-content":"","ast-featured-img":"disabled","footer-sml-layout":"","ast-disable-related-posts":"","theme-transparent-header-meta":"default","adv-header-id-meta":"","stick-header-meta":"default","header-above-stick-meta":"","header-main-stick-meta":"","header-below-stick-meta":"","astra-migrate-meta-layouts":"default","ast-page-background-enabled":"default","ast-page-background-meta":{"desktop":{"background-color":"","background-image":"","background-repeat":"repeat","background-position":"center center","background-size":"auto","background-attachment":"scroll","background-type":"","background-media":"","overlay-type":"","overlay-color":"","overlay-opacity":"","overlay-gradient":""},"tablet":{"background-color":"","background-image":"","background-repeat":"repeat","background-position":"center center","background-size":"auto","background-attachment":"scroll","background-type":"","background-media":"","overlay-type":"","overlay-color":"","overlay-opacity":"","overlay-gradient":""},"mobile":{"background-color":"","background-image":"","background-repeat":"repeat","background-position":"center center","background-size":"auto","background-attachment":"scroll","background-type":"","background-media":"","overlay-type":"","overlay-color":"","overlay-opacity":"","overlay-gradient":""}},"ast-content-background-meta":{"desktop":{"background-color":"var(--ast-global-color-5)","background-image":"","background-repeat":"repeat","background-position":"center center","background-size":"auto","background-attachment":"scroll","background-type":"","background-media":"","overlay-type":"","overlay-color":"","overlay-opacity":"","overlay-gradient":""},"tablet":{"background-color":"var(--ast-global-color-5)","background-image":"","background-repeat":"repeat","background-position":"center center","background-size":"auto","background-attachment":"scroll","background-type":"","background-media":"","overlay-type":"","overlay-color":"","overlay-opacity":"","overlay-gradient":""},"mobile":{"background-color":"var(--ast-global-color-5)","background-image":"","background-repeat":"repeat","background-position":"center center","background-size":"auto","background-attachment":"scroll","background-type":"","background-media":"","overlay-type":"","overlay-color":"","overlay-opacity":"","overlay-gradient":""}},"footnotes":""},"class_list":["post-4645","page","type-page","status-publish","has-post-thumbnail","hentry"],"uagb_featured_image_src":{"full":["https:\/\/prestigecarcenter.fi\/media\/2024\/03\/hemsida4-scaled.jpg",2560,1707,false],"thumbnail":["https:\/\/prestigecarcenter.fi\/media\/2024\/03\/hemsida4-300x200.jpg",300,200,true],"medium":["https:\/\/prestigecarcenter.fi\/media\/2024\/03\/hemsida4-600x400.jpg",600,400,true],"medium_large":["https:\/\/prestigecarcenter.fi\/media\/2024\/03\/hemsida4-768x512.jpg",768,512,true],"large":["https:\/\/prestigecarcenter.fi\/media\/2024\/03\/hemsida4-1200x800.jpg",1200,800,true],"1536x1536":["https:\/\/prestigecarcenter.fi\/media\/2024\/03\/hemsida4-1536x1024.jpg",1536,1024,true],"2048x2048":["https:\/\/prestigecarcenter.fi\/media\/2024\/03\/hemsida4-2048x1365.jpg",2048,1365,true],"gform-image-choice-sm":["https:\/\/prestigecarcenter.fi\/media\/2024\/03\/hemsida4-scaled.jpg",300,200,false],"gform-image-choice-md":["https:\/\/prestigecarcenter.fi\/media\/2024\/03\/hemsida4-scaled.jpg",400,267,false],"gform-image-choice-lg":["https:\/\/prestigecarcenter.fi\/media\/2024\/03\/hemsida4-scaled.jpg",600,400,false],"woocommerce_thumbnail":["https:\/\/prestigecarcenter.fi\/media\/2024\/03\/hemsida4-300x300.jpg",300,300,true],"woocommerce_single":["https:\/\/prestigecarcenter.fi\/media\/2024\/03\/hemsida4-600x400.jpg",600,400,true],"woocommerce_gallery_thumbnail":["https:\/\/prestigecarcenter.fi\/media\/2024\/03\/hemsida4-100x100.jpg",100,100,true]},"uagb_author_info":{"display_name":"servotuki","author_link":"https:\/\/prestigecarcenter.fi\/sv\/author\/servotuki\/"},"uagb_comment_info":0,"uagb_excerpt":null,"_links":{"self":[{"href":"https:\/\/prestigecarcenter.fi\/sv\/wp-json\/wp\/v2\/pages\/4645","targetHints":{"allow":["GET"]}}],"collection":[{"href":"https:\/\/prestigecarcenter.fi\/sv\/wp-json\/wp\/v2\/pages"}],"about":[{"href":"https:\/\/prestigecarcenter.fi\/sv\/wp-json\/wp\/v2\/types\/page"}],"author":[{"embeddable":true,"href":"https:\/\/prestigecarcenter.fi\/sv\/wp-json\/wp\/v2\/users\/1"}],"replies":[{"embeddable":true,"href":"https:\/\/prestigecarcenter.fi\/sv\/wp-json\/wp\/v2\/comments?post=4645"}],"version-history":[{"count":9,"href":"https:\/\/prestigecarcenter.fi\/sv\/wp-json\/wp\/v2\/pages\/4645\/revisions"}],"predecessor-version":[{"id":7097,"href":"https:\/\/prestigecarcenter.fi\/sv\/wp-json\/wp\/v2\/pages\/4645\/revisions\/7097"}],"wp:featuredmedia":[{"embeddable":true,"href":"https:\/\/prestigecarcenter.fi\/sv\/wp-json\/wp\/v2\/media\/7053"}],"wp:attachment":[{"href":"https:\/\/prestigecarcenter.fi\/sv\/wp-json\/wp\/v2\/media?parent=4645"}],"curies":[{"name":"wp","href":"https:\/\/api.w.org\/{rel}","templated":true}]}}