{"id":3,"date":"2020-05-07T09:54:51","date_gmt":"2020-05-07T06:54:51","guid":{"rendered":"https:\/\/prestigecarcenter.fi\/?page_id=3"},"modified":"2024-03-08T21:28:04","modified_gmt":"2024-03-08T19:28:04","slug":"tietosuojaseloste","status":"publish","type":"page","link":"https:\/\/prestigecarcenter.fi\/sv\/tietosuojaseloste\/","title":{"rendered":"Tietosuoja- ja rekisteriseloste"},"content":{"rendered":"\n<p><em>P\u00e4ivitetty: 27.11.2020<\/em><\/p>\n\n\n\n<p>Yrityksemme tallentaa ja k\u00e4sittelee henkil\u00f6tietoja EU:n tietosuoja-asetuksen GDPR:n edellytt\u00e4m\u00e4ll\u00e4 tavalla.<\/p>\n\n\n\n<p>Tietosuojaselosteen sis\u00e4lt\u00f6\u00e4 voidaan muuttaa julkaisemalla uusi versio verkossa. Siksi suosittelemmekin tutustumaan tietosuojaselosteeseemme s\u00e4\u00e4nn\u00f6llisesti.<\/p>\n\n\n\n<p><strong><em>Rekisterinpit\u00e4j\u00e4:<\/em><\/strong><\/p>\n\n\n\n<p><em>Yrityksen nimi: Prestige Car Center Oy Y-tunnus: 2610602-2<br>Osoite: Silmukkatie 11, 65100 Vaasa Puhelin: 040-8331584 <\/em><\/p>\n\n\n\n<p><strong><em>Rekisteriasioista vastaava henkil\u00f6:<\/em><\/strong><\/p>\n\n\n\n<p><em>Nimi: Rasmus L\u00f6nnqvist<\/em><br><em>S\u00e4hk\u00f6posti: rasmus@prestigecarcenter.fi<\/em><\/p>\n\n\n\n<p><strong>Rekisterin nimi:<\/strong><\/p>\n\n\n\n<p>Yrityksen asiakkuuksien hoitoon liittyv\u00e4 rekisteri<\/p>\n\n\n\n<p><strong>Rekisterin pit\u00e4misen peruste<\/strong><\/p>\n\n\n\n<p>Rekisteriss\u00e4 olevien tietojen s\u00e4ilytys perustuu joko sopimussuhteeseen yrityksemme kanssa, henkil\u00f6lt\u00e4 saatuun suostumukseen tietojen tallentamiseen tai yrityksemme oikeutettuun etuun ker\u00e4t\u00e4 tietoa liiketoimintamme edellytyksen kannalta.<\/p>\n\n\n\n<p>Ker\u00e4\u00e4mme ja tallennamme tietoa asiakassuhteisiin perustuen tai liiketoimintaan liittyen mahdollisista uusista asiakkaista. Uusien mahdollisten asiakkaiden tietojen keruu perustuu yritystoimintaan ja ker\u00e4\u00e4mme itse tiedot.<\/p>\n\n\n\n<p><strong>Henkil\u00f6tietojen k\u00e4ytt\u00f6tarkoitus<\/strong><\/p>\n\n\n\n<p>K\u00e4sittelemme henkil\u00f6tietoja asiakkuuteen tai muun asiallisen yhteyden suhteen hoitamiseen, analysointiin sek\u00e4 markkinointiin.<\/p>\n\n\n\n<p>Toimintamme pohjautuu lailliseen liiketoimintaan, joten noudatamme my\u00f6s EU:n lains\u00e4\u00e4d\u00e4nt\u00f6\u00e4 henkil\u00f6tietojen tallentamisesta:<\/p>\n\n\n\n<ul class=\"wp-block-list\"><li>Tiedot, joita henkil\u00f6st\u00e4 tallennamme ovat lainmukaisia, kohtuullisia ja l\u00e4pin\u00e4kyv\u00e4\u00e4 k\u00e4sittelyn osalta. T\u00e4m\u00e4 tarkoittaa, ett\u00e4 voit milloin tahansa saada tietosi saataville.<\/li><li>Tiedolla on k\u00e4ytt\u00f6tarkoitussidonnaisuus \u2013 esimerkiksi tiedot, joita henkil\u00f6ist\u00e4 ker\u00e4\u00e4mme, ovat vain tiettyyn k\u00e4ytt\u00f6tarkoitukseen sidottuja. Emme luovuta tietojasi ulkopuolisille tahoille, ellei siihen ole asianmukaista syyt\u00e4.<\/li><li>Minimoimme tallentamamme tiedon \u2013 tallennamme vain tarpeellisen<\/li><li>Pyrimme pit\u00e4m\u00e4\u00e4n tietomme t\u00e4sm\u00e4llisin\u00e4<\/li><li>Rajoitamme tiedon s\u00e4ilytyst\u00e4 \u2013 tiedoille on m\u00e4\u00e4ritelty k\u00e4ytt\u00f6ik\u00e4, jonka j\u00e4lkeen ne joko automaattisesti tai rutiininomaisesti poistetaan, ellei s\u00e4ilytykselle ole lakiin perustuvaa syyt\u00e4 pit\u00e4\u00e4<\/li><li>Tallennamme ehytt\u00e4 ja luotettavaa tietoa, esimerkiksi varmuuskopioiden kautta varmennettuna<\/li><\/ul>\n\n\n\n<p><strong>Rekisterin tietosis\u00e4lt\u00f6 (henkil\u00f6tietolomakkeiden kent\u00e4t)<\/strong><\/p>\n\n\n\n<ul class=\"wp-block-list\"><li><em>Etu- ja sukunimi<\/em><\/li><li><em>Titteli<\/em><\/li><li><em>Yhteystiedot<\/em><\/li><li><em>Asiakkuuteen liittyv\u00e4 muu tekstimuotoinen tieto<\/em><\/li><li><em>Markkinointilupa tai kielto<\/em><\/li><li><em>Ev\u00e4st\u00e4iden kautta ker\u00e4tt\u00e4v\u00e4t tiedot<\/em><\/li><li><em>Sosiaalisen median kanavista ker\u00e4tt\u00e4v\u00e4t tiedot<\/em><\/li><\/ul>\n\n\n\n<p>Tallennamme asiakassuhteeseen liittyen minimitiedot, johon tyypillisesti kuuluu henkil\u00f6n yksil\u00f6ity nimi, mahdollisesti yhti\u00f6 sek\u00e4 kontaktitiedot kuten s\u00e4hk\u00f6posti ja puhelinnumero.<\/p>\n\n\n\n<p><strong>Tietol\u00e4hteet<\/strong><\/p>\n\n\n\n<p><em>Kuvaa t\u00e4h\u00e4n mist\u00e4 j\u00e4rjestelmist\u00e4 tietoja on ker\u00e4tty.<\/em><\/p>\n\n\n\n<p>Lis\u00e4ksi liiketoimintaan liittyen esimerkiksi uusien asiakkaiden hankinnassa voimme k\u00e4ytt\u00e4\u00e4 esimerkiksi mediasta poimittuja nimi\u00e4, joihin voimme ottaa yhteytt\u00e4 liiketoimintamieless\u00e4.<\/p>\n\n\n\n<p><strong>Tietojen luovuttaminen ja siirt\u00e4mine<\/strong>n<\/p>\n\n\n\n<p>Tietoja voidaan rekisterinpit\u00e4j\u00e4n harkinnan perusteella luovuttaa kulloinkin voimassaolevan lains\u00e4\u00e4d\u00e4nn\u00f6n sallimissa ja velvoittamissa rajoissa yhteisty\u00f6kumppaneillemme, jollei rekister\u00f6ity ole kielt\u00e4nyt tietojen luovuttamista. Tietojen luovuttaminen yhteisty\u00f6kumppaneille tapahtuu vain k\u00e4ytt\u00f6tarkoituksiin, jotka tukevat rekisterin toiminta-ajatusta. <\/p>\n\n\n\n<p><em>Luovutamme rajoitetusti henkil\u00f6tietoja muille osapuolille \u2013 t\u00e4m\u00e4 k\u00e4yt\u00e4nn\u00f6ss\u00e4 tarkoittaa oheista:<\/em><\/p>\n\n\n\n<ul class=\"wp-block-list\"><li><em>K\u00e4yt\u00e4mme s\u00e4hk\u00f6postimarkkinoinnin ty\u00f6kaluja. N\u00e4ihin tallennettuna ovat vain nimi, yritys sek\u00e4 s\u00e4hk\u00f6postiosoite.<\/em><\/li><li><em>K\u00e4yt\u00e4mme asiakassuhteiden hoitamiseen CRM-ty\u00f6kalua, jonne tallennamme minimoituna mm. oheista: henkil\u00f6n nimi, kontaktitiedot sek\u00e4 asiakassuhteeseen liittyv\u00e4t toiminteet kuten kokoukset ja muut aktiviteetit.<\/em> <\/li><\/ul>\n\n\n\n<p><strong>Tietojen luovuttaminenEU:n tai ETA:n ulkopuolelle<\/strong><\/p>\n\n\n\n<p>Tietoja ei luovuteta osapuolille, jotka toimivat Euroopan unionin j\u00e4senvaltioiden alueen tai Euroopan talousalueen ulkopuolella.<\/p>\n\n\n\n<p>Tietoja luovutetaan palveluihin, jotka toimivat Euroopan unionin j\u00e4senvaltioiden alueen tai Euroopan talousalueen ulkopuolella. Tietojen siirrossa noudatetaan henkil\u00f6tietolains\u00e4\u00e4d\u00e4nn\u00f6n vaatimuksia ja jaamme n\u00e4ihin palveluihin tiedon minimoinnin ja riskien v\u00e4hent\u00e4misen periaatetta noudattaen. K\u00e4yt\u00e4mme Privacy Shield -j\u00e4rjestelm\u00e4\u00e4n liittyneit\u00e4 yrityksi\u00e4.<\/p>\n\n\n\n<p><strong>Rekisterin suojaus<\/strong><\/p>\n\n\n\n<p>Rekisterin sis\u00e4lt\u00e4m\u00e4t tiedot on s\u00e4ilytetty Suomen Asiakastiedon GDPR-palvelussa, jossa ne on suojattu palomuurein, salasanoin ja muiden tietoturvatoimialan yleisesti hyv\u00e4ksytt\u00e4vin teknisin keinoin. Manuaalisesti yll\u00e4pidett\u00e4v\u00e4t aineistot sijaitsevat tiloissa, joihin on asiattomilta p\u00e4\u00e4sy estetty.<\/p>\n\n\n\n<p>Ainoastaan yksil\u00f6idyill\u00e4 rekisterinpit\u00e4j\u00e4n ja sen toimeksiannosta ja lukuun toimivien yritysten ty\u00f6ntekij\u00f6ill\u00e4 on p\u00e4\u00e4sy rekisterin sis\u00e4lt\u00e4miin tietoihin. Kaikista henkil\u00f6tietojen k\u00e4sittelytoimista kirjoitetaan lokitietoa, jolloin voimme tarkistaa, koska ja kuka henkil\u00f6tietoa on k\u00e4sitellyt.<\/p>\n\n\n\n<p><strong>Tarkastusoikeus<\/strong><\/p>\n\n\n\n<p>Henkil\u00f6ill\u00e4 on mahdollisuus tarkistaa omat tietonsa rekisterist\u00e4 oheisen linkin kautta:<\/p>\n\n\n\n<p><em>LINKKI GDPR-palvelun kohdasta Asetukset &#8211; Yritystiedot<\/em><\/p>\n\n\n\n<p>Palvelun kautta henkil\u00f6t voivat my\u00f6s tehd\u00e4 oikaisu- tai poistopyynt\u00f6j\u00e4 rekisterist\u00e4 sek\u00e4 ladata omat tiedot s\u00e4hk\u00f6isess\u00e4 muodossa siirrett\u00e4v\u00e4ksi toiseen rekisteriin. Palvelun k\u00e4ytt\u00f6 edellytt\u00e4\u00e4, ett\u00e4 henkil\u00f6st\u00e4 on tallennettu tietoihimme jokin seuraavista:<\/p>\n\n\n\n<ul class=\"wp-block-list\"><li>Henkil\u00f6tunnus<\/li><li>Matkapuhelinnumero<\/li><li>S\u00e4hk\u00f6posti<\/li><\/ul>\n\n\n\n<p>Muissa tapauksissa pyyd\u00e4mme olemaan yhteydess\u00e4 asiakaspalveluumme tai rekisterin yhteyshenkil\u00f6\u00f6n.<\/p>\n","protected":false},"excerpt":{"rendered":"<p>P\u00e4ivitetty: 27.11.2020 Yrityksemme tallentaa ja k\u00e4sittelee henkil\u00f6tietoja EU:n tietosuoja-asetuksen GDPR:n edellytt\u00e4m\u00e4ll\u00e4 tavalla. Tietosuojaselosteen sis\u00e4lt\u00f6\u00e4 voidaan muuttaa julkaisemalla uusi versio verkossa. Siksi suosittelemmekin tutustumaan tietosuojaselosteeseemme s\u00e4\u00e4nn\u00f6llisesti. Rekisterinpit\u00e4j\u00e4: Yrityksen nimi: Prestige Car Center Oy Y-tunnus: 2610602-2Osoite: Silmukkatie 11, 65100 Vaasa Puhelin: 040-8331584 Rekisteriasioista vastaava henkil\u00f6: Nimi: Rasmus L\u00f6nnqvistS\u00e4hk\u00f6posti: rasmus@prestigecarcenter.fi Rekisterin nimi: Yrityksen asiakkuuksien hoitoon liittyv\u00e4 rekisteri Rekisterin [&hellip;]<\/p>\n","protected":false},"author":1,"featured_media":4290,"parent":0,"menu_order":100,"comment_status":"closed","ping_status":"closed","template":"","meta":{"_uag_custom_page_level_css":"","site-sidebar-layout":"default","site-content-layout":"default","ast-site-content-layout":"default","site-content-style":"default","site-sidebar-style":"default","ast-global-header-display":"","ast-banner-title-visibility":"","ast-main-header-display":"","ast-hfb-above-header-display":"","ast-hfb-below-header-display":"","ast-hfb-mobile-header-display":"","site-post-title":"","ast-breadcrumbs-content":"","ast-featured-img":"disabled","footer-sml-layout":"","ast-disable-related-posts":"","theme-transparent-header-meta":"default","adv-header-id-meta":"","stick-header-meta":"default","header-above-stick-meta":"","header-main-stick-meta":"","header-below-stick-meta":"","astra-migrate-meta-layouts":"set","ast-page-background-enabled":"default","ast-page-background-meta":{"desktop":{"background-color":"","background-image":"","background-repeat":"repeat","background-position":"center center","background-size":"auto","background-attachment":"scroll","background-type":"","background-media":"","overlay-type":"","overlay-color":"","overlay-opacity":"","overlay-gradient":""},"tablet":{"background-color":"","background-image":"","background-repeat":"repeat","background-position":"center center","background-size":"auto","background-attachment":"scroll","background-type":"","background-media":"","overlay-type":"","overlay-color":"","overlay-opacity":"","overlay-gradient":""},"mobile":{"background-color":"","background-image":"","background-repeat":"repeat","background-position":"center center","background-size":"auto","background-attachment":"scroll","background-type":"","background-media":"","overlay-type":"","overlay-color":"","overlay-opacity":"","overlay-gradient":""}},"ast-content-background-meta":{"desktop":{"background-color":"var(--ast-global-color-5)","background-image":"","background-repeat":"repeat","background-position":"center center","background-size":"auto","background-attachment":"scroll","background-type":"","background-media":"","overlay-type":"","overlay-color":"","overlay-opacity":"","overlay-gradient":""},"tablet":{"background-color":"var(--ast-global-color-5)","background-image":"","background-repeat":"repeat","background-position":"center center","background-size":"auto","background-attachment":"scroll","background-type":"","background-media":"","overlay-type":"","overlay-color":"","overlay-opacity":"","overlay-gradient":""},"mobile":{"background-color":"var(--ast-global-color-5)","background-image":"","background-repeat":"repeat","background-position":"center center","background-size":"auto","background-attachment":"scroll","background-type":"","background-media":"","overlay-type":"","overlay-color":"","overlay-opacity":"","overlay-gradient":""}},"footnotes":""},"class_list":["post-3","page","type-page","status-publish","has-post-thumbnail","hentry"],"uagb_featured_image_src":{"full":["https:\/\/prestigecarcenter.fi\/media\/2020\/05\/Hus-bild-Utan-register-web2-scaled.jpg",2048,1540,false],"thumbnail":["https:\/\/prestigecarcenter.fi\/media\/2020\/05\/Hus-bild-Utan-register-web2-300x226.jpg",300,226,true],"medium":["https:\/\/prestigecarcenter.fi\/media\/2020\/05\/Hus-bild-Utan-register-web2-600x451.jpg",600,451,true],"medium_large":["https:\/\/prestigecarcenter.fi\/media\/2020\/05\/Hus-bild-Utan-register-web2-768x577.jpg",768,577,true],"large":["https:\/\/prestigecarcenter.fi\/media\/2020\/05\/Hus-bild-Utan-register-web2-1200x902.jpg",1200,902,true],"1536x1536":["https:\/\/prestigecarcenter.fi\/media\/2020\/05\/Hus-bild-Utan-register-web2-1536x1155.jpg",1536,1155,true],"2048x2048":["https:\/\/prestigecarcenter.fi\/media\/2020\/05\/Hus-bild-Utan-register-web2-2048x1540.jpg",2048,1540,true],"gform-image-choice-sm":["https:\/\/prestigecarcenter.fi\/media\/2020\/05\/Hus-bild-Utan-register-web2-scaled.jpg",300,226,false],"gform-image-choice-md":["https:\/\/prestigecarcenter.fi\/media\/2020\/05\/Hus-bild-Utan-register-web2-scaled.jpg",400,301,false],"gform-image-choice-lg":["https:\/\/prestigecarcenter.fi\/media\/2020\/05\/Hus-bild-Utan-register-web2-scaled.jpg",600,451,false],"woocommerce_thumbnail":["https:\/\/prestigecarcenter.fi\/media\/2020\/05\/Hus-bild-Utan-register-web2-scaled-300x300.jpg",300,300,true],"woocommerce_single":["https:\/\/prestigecarcenter.fi\/media\/2020\/05\/Hus-bild-Utan-register-web2-600x451.jpg",600,451,true],"woocommerce_gallery_thumbnail":["https:\/\/prestigecarcenter.fi\/media\/2020\/05\/Hus-bild-Utan-register-web2-scaled-100x100.jpg",100,100,true]},"uagb_author_info":{"display_name":"servotuki","author_link":"https:\/\/prestigecarcenter.fi\/sv\/author\/servotuki\/"},"uagb_comment_info":0,"uagb_excerpt":"P\u00e4ivitetty: 27.11.2020 Yrityksemme tallentaa ja k\u00e4sittelee henkil\u00f6tietoja EU:n tietosuoja-asetuksen GDPR:n edellytt\u00e4m\u00e4ll\u00e4 tavalla. Tietosuojaselosteen sis\u00e4lt\u00f6\u00e4 voidaan muuttaa julkaisemalla uusi versio verkossa. Siksi suosittelemmekin tutustumaan tietosuojaselosteeseemme s\u00e4\u00e4nn\u00f6llisesti. Rekisterinpit\u00e4j\u00e4: Yrityksen nimi: Prestige Car Center Oy Y-tunnus: 2610602-2Osoite: Silmukkatie 11, 65100 Vaasa Puhelin: 040-8331584 Rekisteriasioista vastaava henkil\u00f6: Nimi: Rasmus L\u00f6nnqvistS\u00e4hk\u00f6posti: rasmus@prestigecarcenter.fi Rekisterin nimi: Yrityksen asiakkuuksien hoitoon liittyv\u00e4 rekisteri Rekisterin&hellip;","_links":{"self":[{"href":"https:\/\/prestigecarcenter.fi\/sv\/wp-json\/wp\/v2\/pages\/3","targetHints":{"allow":["GET"]}}],"collection":[{"href":"https:\/\/prestigecarcenter.fi\/sv\/wp-json\/wp\/v2\/pages"}],"about":[{"href":"https:\/\/prestigecarcenter.fi\/sv\/wp-json\/wp\/v2\/types\/page"}],"author":[{"embeddable":true,"href":"https:\/\/prestigecarcenter.fi\/sv\/wp-json\/wp\/v2\/users\/1"}],"replies":[{"embeddable":true,"href":"https:\/\/prestigecarcenter.fi\/sv\/wp-json\/wp\/v2\/comments?post=3"}],"version-history":[{"count":6,"href":"https:\/\/prestigecarcenter.fi\/sv\/wp-json\/wp\/v2\/pages\/3\/revisions"}],"predecessor-version":[{"id":7100,"href":"https:\/\/prestigecarcenter.fi\/sv\/wp-json\/wp\/v2\/pages\/3\/revisions\/7100"}],"wp:featuredmedia":[{"embeddable":true,"href":"https:\/\/prestigecarcenter.fi\/sv\/wp-json\/wp\/v2\/media\/4290"}],"wp:attachment":[{"href":"https:\/\/prestigecarcenter.fi\/sv\/wp-json\/wp\/v2\/media?parent=3"}],"curies":[{"name":"wp","href":"https:\/\/api.w.org\/{rel}","templated":true}]}}